{"id":131,"date":"2026-02-22T19:45:02","date_gmt":"2026-02-22T19:45:02","guid":{"rendered":"https:\/\/szegedihonved.hu\/?page_id=131"},"modified":"2026-02-28T11:58:33","modified_gmt":"2026-02-28T11:58:33","slug":"nevezs","status":"publish","type":"page","link":"https:\/\/szegedihonved.hu\/?page_id=131","title":{"rendered":"NEVEZ\u00c9S"},"content":{"rendered":"<div id=\"sp-page\" class=\"spBgcover sp-content-1\" style=\"background-color: rgb(255, 255, 255); font-family: 'Helvetica Neue', Arial, sans-serif; font-weight: 400;\">\n<section id=\"sp-ks8a8s\" data-mobile-visibility=\"#sp-ks8a8s|false\" data-tablet-visibility=\"#sp-ks8a8s|false\" data-desktop-visibility=\"#sp-ks8a8s|false\" data-mobile-css=\"\" data-tablet-css=\"\" class=\"sp-el-section \" style=\"width: 100%; max-width: 100%; padding: 10px;\">\n<div><\/div>\n<div id=\"sp-vw3kvy\" data-mobile-visibility=\"#sp-vw3kvy|false\" data-tablet-visibility=\"#sp-vw3kvy|false\" data-desktop-visibility=\"#sp-vw3kvy|false\" data-mobile-css=\"\" data-tablet-css=\"\" class=\"sp-el-row sp-w-full  sp-m-auto sm:sp-flex sp-justify-between\" style=\"padding: 0px;\">\n<div id=\"sp-xo51eq\" data-mobile-visibility=\"#sp-xo51eq|false\" data-tablet-visibility=\"#sp-xo51eq|false\" data-desktop-visibility=\"#sp-xo51eq|false\" data-mobile-css=\"\" data-tablet-css=\"\" class=\"sp-el-col  sp-w-full\" style=\"width: calc(100% + 0px);\">\n<figure id=\"sp-zt2t2n\" data-mobile-css=\"#sp-zt2t2n|text-align:center;\" data-tablet-css=\"#sp-zt2t2n|text-align:center;\" class=\"sp-image-wrapper sp-el-block\" style=\"margin: 0px; text-align: center;\">\n<div><span><img fetchpriority=\"high\" decoding=\"async\" src=\"https:\/\/szegedihonved.hu\/wp-content\/uploads\/2026\/02\/facebook_profil.png\" alt=\"\" width=\"1024\" height=\"1024\" data-dynamic-tag=\"\" data-image-src=\"wpmedia\" data-mobile-visibility=\".sp-image-block-zt2t2n|false\" data-tablet-visibility=\".sp-image-block-zt2t2n|false\" data-desktop-visibility=\".sp-image-block-zt2t2n|false\" srcset=\" https:\/\/szegedihonved.hu\/wp-content\/uploads\/2026\/02\/facebook_profil-150x150.png 150w, https:\/\/szegedihonved.hu\/wp-content\/uploads\/2026\/02\/facebook_profil-300x300.png 300w, https:\/\/szegedihonved.hu\/wp-content\/uploads\/2026\/02\/facebook_profil.png 1024w\" class=\"sp-image-block-zt2t2n custom-preview-class\" style=\"width: 300px;\"><\/span><\/div>\n<div id=\"sp-image-dynamic-tags-js-zt2t2n\"><script>jQuery(function() { image_dynamic_tags('zt2t2n' );});<\/script><\/div>\n<\/figure>\n<\/div>\n<\/div>\n<\/section>\n<section id=\"sp-txpgdd\" data-mobile-visibility=\"#sp-txpgdd|false\" data-tablet-visibility=\"#sp-txpgdd|false\" data-desktop-visibility=\"#sp-txpgdd|false\" data-mobile-css=\"\" data-tablet-css=\"\" class=\"sp-el-section \" style=\"width: 100%; max-width: 100%;\">\n<div><\/div>\n<div id=\"sp-s3r8v3\" data-mobile-visibility=\"#sp-s3r8v3|false\" data-tablet-visibility=\"#sp-s3r8v3|false\" data-desktop-visibility=\"#sp-s3r8v3|false\" data-mobile-css=\"\" data-tablet-css=\"\" class=\"sp-el-row sp-w-full  sp-m-auto sm:sp-flex sp-justify-between\">\n<div id=\"sp-bm9xn5\" data-mobile-visibility=\"#sp-bm9xn5|false\" data-tablet-visibility=\"#sp-bm9xn5|false\" data-desktop-visibility=\"#sp-bm9xn5|false\" data-mobile-css=\"\" data-tablet-css=\"\" class=\"sp-el-col  sp-w-full\" style=\"width: calc(100% + 0px);\"><span href=\"\" target=\"\" rel=\"\" class=\"sp-header-block-link\" style=\"text-decoration: none;\"><\/p>\n<h1 id=\"sp-qvn32y\" data-mobile-css=\".sp-headline-block-qvn32y, #sp-qvn32y, #qvn32y|text-align:center;\" data-tablet-css=\".sp-headline-block-qvn32y, #sp-qvn32y, #qvn32y|text-align:center;\" data-mobile-visibility=\".sp-headline-block-qvn32y|false\" data-tablet-visibility=\".sp-headline-block-qvn32y|false\" data-desktop-visibility=\".sp-headline-block-qvn32y|false\" class=\"sp-css-target sp-el-block sp-headline-block-qvn32y sp-type-header\" style=\"font-size: 40px; font-family: Cinzel; color: rgb(30, 136, 229); text-align: center; margin: 0px;\"><strong>4 Season Run &#8211; virtu\u00e1lis fut\u00f3sorozat<\/p>\n<p>&#8222;N\u00e9gy \u00e9vszak, n\u00e9gy kih\u00edv\u00e1s, egy c\u00e9l&#8221;<\/p>\n<p>versenyki\u00edr\u00e1s<\/strong><\/h1>\n<p><\/span><\/div>\n<\/div>\n<\/section>\n<section id=\"sp-cdxkxp\" data-mobile-visibility=\"#sp-cdxkxp|false\" data-tablet-visibility=\"#sp-cdxkxp|false\" data-desktop-visibility=\"#sp-cdxkxp|false\" data-mobile-css=\"\" data-tablet-css=\"\" class=\"sp-el-section \" style=\"width: 100%; max-width: 100%;\">\n<div><\/div>\n<div id=\"sp-a8q663\" data-mobile-visibility=\"#sp-a8q663|false\" data-tablet-visibility=\"#sp-a8q663|false\" data-desktop-visibility=\"#sp-a8q663|false\" data-mobile-css=\"\" data-tablet-css=\"\" class=\"sp-el-row sp-w-full  sp-m-auto sm:sp-flex sp-justify-between\">\n<div id=\"sp-tex7tz\" data-mobile-visibility=\"#sp-tex7tz|false\" data-tablet-visibility=\"#sp-tex7tz|false\" data-desktop-visibility=\"#sp-tex7tz|false\" data-mobile-css=\"\" data-tablet-css=\"\" class=\"sp-el-col  sp-w-full\" style=\"width: calc(100% + 0px);\">\n<div id=\"sp-aebx83\" data-mobile-css=\".sp-text-wrapper-aebx83, #sp-aebx83, #aebx83|text-align:left;\" data-tablet-css=\".sp-text-wrapper-aebx83, #sp-aebx83, #aebx83|text-align:left;\" data-mobile-visibility=\".sp-text-wrapper-aebx83|false\" data-tablet-visibility=\".sp-text-wrapper-aebx83|false\" data-desktop-visibility=\".sp-text-wrapper-aebx83|false\" class=\"sp-css-target sp-text-wrapper sp-el-block sp-text-block-style sp-text-wrapper-aebx83\" style=\"font-size: 20px; font-family: Roboto; color: rgb(30, 136, 229); margin: 0px; text-align: left;\">\n<p style=\"text-align: justify;\"><strong>A VERSENY SZERVEZ\u0150JE<\/strong><\/p>\n<p style=\"text-align: justify;\">A versenysorozat szervez\u0151je a <strong>Szegedi Honv\u00e9d Sportegyes\u00fclet<\/strong>.<\/p>\n<p style=\"text-align: justify;\"><strong>AZ ESEM\u00c9NY JELLEGE<\/strong><\/p>\n<p style=\"text-align: justify;\">A 4 SEASON RUN egy virtu\u00e1lis fut\u00f3verseny-sorozat. A r\u00e9sztvev\u0151k nem egy meghat\u00e1rozott helysz\u00ednen \u00e9s id\u0151pontban versenyeznek, hanem a megadott intervallumon bel\u00fcl, saj\u00e1t maguk \u00e1ltal v\u00e1lasztott helysz\u00ednen (szabadt\u00e9ren vagy fut\u00f3padon) teljes\u00edtik a v\u00e1lasztott t\u00e1vot.<\/p>\n<p style=\"text-align: justify;\"><strong>\u00dcTEMEZ\u00c9S \u00c9S TEMATIKA<\/strong><\/p>\n<p style=\"text-align: justify;\">A sorozat \u00e1llom\u00e1sai a Magyar Honv\u00e9ds\u00e9g ter\u00fcletv\u00e9delmi er\u0151i el\u0151tt tisztelegnek. Minden egyedi f\u00e9m\u00e9rem az adott ezred pajzs\u00e1t \u00e9s jelk\u00e9peit \u00e1br\u00e1zolja.<\/p>\n<ul style=\"text-align: justify;\">\n<li><strong>TAVASZ (2026.04.01 \u2013 05.31):<\/strong> MH vit\u00e9z Heim G\u00e9za 46. Ter\u00fcletv\u00e9delmi Z\u00e1szl\u00f3alj (Szeged)<\/li>\n<li><strong>NY\u00c1R (2026.06.01 \u2013 08.31):<\/strong> MH Mer\u00e1sz Mih\u00e1ly 38. Ter\u00fcletv\u00e9delmi Z\u00e1szl\u00f3alj (Kecskem\u00e9t)<\/li>\n<li><strong>\u0150SZ (2026.09.01 \u2013 11.30):<\/strong> MH vit\u00e9z Fekete Imre 101. Ter\u00fcletv\u00e9delmi Z\u00e1szl\u00f3alj (B\u00e9k\u00e9scsaba)<\/li>\n<li><strong>T\u00c9L (2026.12.01 \u2013 2027.02.28):<\/strong> MH Dombay Miksa 4. Ter\u00fcletv\u00e9delmi Ezred<\/li>\n<\/ul>\n<p style=\"text-align: justify;\"><strong>V\u00c1LASZTHAT\u00d3 T\u00c1VOK<\/strong><\/p>\n<p style=\"text-align: justify;\">Minden szakaszban az al\u00e1bbi t\u00e1vok b\u00e1rmelyike teljes\u00edthet\u0151:<\/p>\n<ul style=\"text-align: justify;\">\n<li><strong>5 km<\/strong><\/li>\n<li><strong>10 km<\/strong><\/li>\n<\/ul>\n<p style=\"text-align: justify;\">(A t\u00e1vokat egyhuzamban kell teljes\u00edteni, az id\u0151m\u00e9r\u00e9s k\u00f6telez\u0151.)<\/p>\n<p style=\"text-align: justify;\"><strong>NEVEZ\u00c9SI FELT\u00c9TELEK \u00c9S D\u00cdJAK<\/strong><\/p>\n<p style=\"text-align: justify;\">A nevez\u00e9s \u00e9vszakonk\u00e9nt k\u00fcl\u00f6n-k\u00fcl\u00f6n t\u00f6rt\u00e9nik.<\/p>\n<ul style=\"text-align: justify;\">\n<li><strong>Magyar Honv\u00e9ds\u00e9g \u00e1llom\u00e1nya:<\/strong> A r\u00e9szv\u00e9tel <strong>D\u00cdJMENTES<\/strong>. (\u00c9rv\u00e9nyes szolg\u00e1lati igazolv\u00e1ny adatai sz\u00fcks\u00e9gesek a regisztr\u00e1ci\u00f3hoz).<\/li>\n<li><strong>Civil r\u00e9sztvev\u0151k:<\/strong> <strong>6.000 Ft \/ f\u0151 \/ \u00e9vszak<\/strong>.<\/li>\n<li><strong>A nevez\u00e9si d\u00edj tartalma:<\/strong> R\u00e9szv\u00e9teli jog, digit\u00e1lis (let\u00f6lthet\u0151) rajtsz\u00e1m, n\u00e9vre sz\u00f3l\u00f3 digit\u00e1lis eml\u00e9klap, \u00e9s a sikeres igazol\u00e1st k\u00f6vet\u0151en a post\u00e1zott egyedi f\u00e9m \u00f6ntv\u00e9ny \u00e9rem.<\/li>\n<\/ul>\n<p style=\"text-align: justify;\"><strong>A TELJES\u00cdT\u00c9S IGAZOL\u00c1SA<\/strong><\/p>\n<p style=\"text-align: justify;\">A fut\u00e1s teljes\u00edt\u00e9s\u00e9t b\u00e1rmilyen GPS-alap\u00fa sportalkalmaz\u00e1ssal (pl. Strava, Garmin, Adidas Running, Runkeeper) vagy okos\u00f3r\u00e1val igazolni kell.<\/p>\n<ol style=\"text-align: justify;\">\n<li>V\u00e9gezd el a fut\u00e1st a megadott id\u0151szakon bel\u00fcl.<\/li>\n<li>K\u00e9sz\u00edts k\u00e9perny\u0151fot\u00f3t (screenshot) az alkalmaz\u00e1sr\u00f3l, ahol l\u00e1tszik a <strong>d\u00e1tum, a t\u00e1v \u00e9s az id\u0151eredm\u00e9ny<\/strong>.<\/li>\n<li>T\u00f6ltsd fel az igazol\u00e1st a&nbsp; k\u00fcldd el a verseny@szegedihonved.hu c\u00edmre a neved megad\u00e1s\u00e1val.<\/li>\n<\/ol>\n<p style=\"text-align: justify;\"><strong>D\u00cdJAZ\u00c1S \u00c9S AZ \u00c9RMEK KISZ\u00c1LL\u00cdT\u00c1SA<\/strong><\/p>\n<ul style=\"text-align: justify;\">\n<li>Minden szakasz sikeres teljes\u00edt\u0151je az adott \u00e9vszak egyedi, katonai tematik\u00e1j\u00fa f\u00e9m\u00e9rm\u00e9t kapja meg.<\/li>\n<li>Az \u00e9rmeket a teljes\u00edt\u00e9si id\u0151szak v\u00e9g\u00e9t k\u00f6vet\u0151 15 munkanapon bel\u00fcl post\u00e1zzuk vagy csomagpontra k\u00e9zbes\u00edtj\u00fck a megadott c\u00edmre.<\/li>\n<li>Aki a sorozat mind a <strong>n\u00e9gy \u00e1llom\u00e1s\u00e1t<\/strong> teljes\u00edti, az utols\u00f3 \u00e9rem mell\u00e9 egy k\u00fcl\u00f6nleges <strong>&#8222;4 Season Finisher&#8221;<\/strong> elismer\u0151 oklevelet is kap.<\/li>\n<\/ul>\n<p style=\"text-align: justify;\"><strong>FELEL\u0150SS\u00c9GV\u00c1LLAL\u00c1S<\/strong><\/p>\n<ul style=\"text-align: justify;\">\n<li>Minden r\u00e9sztvev\u0151 saj\u00e1t felel\u0151ss\u00e9g\u00e9re sportol.<\/li>\n<li>K\u00e9rj\u00fck a KRESZ szab\u00e1lyainak betart\u00e1s\u00e1t, \u00e9s az aktu\u00e1lis id\u0151j\u00e1r\u00e1si viszonyoknak megfelel\u0151 \u00f6lt\u00f6zet \u00e9s folyad\u00e9kp\u00f3tl\u00e1s megv\u00e1laszt\u00e1s\u00e1t.<\/li>\n<\/ul>\n<p style=\"text-align: justify;\"><strong>ADATV\u00c9DELEM<\/strong><\/p>\n<p style=\"text-align: justify;\">A nevez\u00e9ssel a r\u00e9sztvev\u0151 hozz\u00e1j\u00e1rul adatainak kezel\u00e9s\u00e9hez a verseny lebonyol\u00edt\u00e1sa \u00e9s az \u00e9rmek post\u00e1z\u00e1sa \u00e9rdek\u00e9ben.<\/p>\n<p style=\"text-align: justify;\">&nbsp;<\/p>\n<\/div>\n<div id=\"sp-button-parent-bxwl0r\" data-mobile-css=\"#sp-button-parent-bxwl0r|text-align:center;\" data-tablet-css=\"#sp-button-parent-bxwl0r|text-align:center;\" class=\"sp-button-wrapper sp-el-block\" style=\"margin: 0px; text-align: center;\"><a href=\"https:\/\/forms.gle\/17xyAkaNKJaczszPA\" id=\"sp-bxwl0r\" data-mobile-css=\"\" data-tablet-css=\"\" data-mobile-visibility=\".sp-button-bxwl0r|false\" data-tablet-visibility=\".sp-button-bxwl0r|false\" data-desktop-visibility=\".sp-button-bxwl0r|false\" target=\"\" rel=\"\" class=\"sp-button sp-css-target sp-text-center sp-inline-block sp-leading-none sp-button-bxwl0r\" style=\"font-size: 22px; background: rgb(30, 136, 229); color: rgb(255, 255, 255); width: auto; padding: 19px 80px; border-radius: 19px;\"><span style=\"font-family: Cinzel;\">NEVEZEK a versenyre<\/span><\/a><\/div>\n<p><span href=\"\" target=\"\" rel=\"\" class=\"sp-header-block-link\" style=\"text-decoration: none;\"><\/p>\n<h1 id=\"x0va4a\" data-mobile-css=\".sp-headline-block-x0va4a, #sp-x0va4a, #x0va4a|text-align:center;\" data-tablet-css=\".sp-headline-block-x0va4a, #sp-x0va4a, #x0va4a|text-align:center;\" data-mobile-visibility=\".sp-headline-block-x0va4a|false\" data-tablet-visibility=\".sp-headline-block-x0va4a|false\" data-desktop-visibility=\".sp-headline-block-x0va4a|false\" class=\"sp-css-target sp-el-block sp-headline-block-x0va4a sp-type-header mce-content-body html4-captions\" style=\"text-align: center; margin: 0px; position: relative; font-family: Cinzel; font-size: 12px; color: rgb(30, 136, 229);\"  ><a href=\"https:\/\/szegedihonved.hu\/?page_id=170\" data-mce-href=\"https:\/\/szegedihonved.hu\/?page_id=170\"><strong>Adatv\u00e9delmi t\u00e1j\u00e9koztat\u00f3<\/strong><\/a><\/h1>\n<p><\/span><\/div>\n<\/div>\n<\/section>\n<section id=\"sp-epzobs\" data-mobile-visibility=\"#sp-epzobs|false\" data-tablet-visibility=\"#sp-epzobs|false\" data-desktop-visibility=\"#sp-epzobs|false\" data-mobile-css=\"\" data-tablet-css=\"\" class=\"sp-el-section \" style=\"width: 100%; max-width: 100%;\">\n<div><\/div>\n<div id=\"sp-e4hkz5\" data-mobile-visibility=\"#sp-e4hkz5|false\" data-tablet-visibility=\"#sp-e4hkz5|false\" data-desktop-visibility=\"#sp-e4hkz5|false\" data-mobile-css=\"\" data-tablet-css=\"\" class=\"sp-el-row sp-w-full  sp-m-auto sm:sp-flex sp-justify-between\"><\/div>\n<\/section>\n<\/div>\n","protected":false},"excerpt":{"rendered":"<p>4 Season Run &#8211; virtu\u00e1lis fut\u00f3sorozat &#8222;N\u00e9gy \u00e9vszak, n\u00e9gy kih\u00edv\u00e1s, egy c\u00e9l&#8221; versenyki\u00edr\u00e1s A VERSENY SZERVEZ\u0150JE A versenysorozat szervez\u0151je a Szegedi Honv\u00e9d Sportegyes\u00fclet. AZ ESEM\u00c9NY JELLEGE A 4 SEASON RUN egy virtu\u00e1lis fut\u00f3verseny-sorozat. A r\u00e9sztvev\u0151k nem egy meghat\u00e1rozott helysz\u00ednen \u00e9s id\u0151pontban versenyeznek, hanem a megadott intervallumon bel\u00fcl, saj\u00e1t maguk \u00e1ltal v\u00e1lasztott helysz\u00ednen (szabadt\u00e9ren vagy fut\u00f3padon) [&hellip;]<\/p>\n","protected":false},"author":1,"featured_media":0,"parent":0,"menu_order":0,"comment_status":"closed","ping_status":"closed","template":"","meta":{"footnotes":""},"class_list":["post-131","page","type-page","status-publish","hentry"],"aioseo_notices":[],"_links":{"self":[{"href":"https:\/\/szegedihonved.hu\/index.php?rest_route=\/wp\/v2\/pages\/131","targetHints":{"allow":["GET"]}}],"collection":[{"href":"https:\/\/szegedihonved.hu\/index.php?rest_route=\/wp\/v2\/pages"}],"about":[{"href":"https:\/\/szegedihonved.hu\/index.php?rest_route=\/wp\/v2\/types\/page"}],"author":[{"embeddable":true,"href":"https:\/\/szegedihonved.hu\/index.php?rest_route=\/wp\/v2\/users\/1"}],"replies":[{"embeddable":true,"href":"https:\/\/szegedihonved.hu\/index.php?rest_route=%2Fwp%2Fv2%2Fcomments&post=131"}],"version-history":[{"count":11,"href":"https:\/\/szegedihonved.hu\/index.php?rest_route=\/wp\/v2\/pages\/131\/revisions"}],"predecessor-version":[{"id":149,"href":"https:\/\/szegedihonved.hu\/index.php?rest_route=\/wp\/v2\/pages\/131\/revisions\/149"}],"wp:attachment":[{"href":"https:\/\/szegedihonved.hu\/index.php?rest_route=%2Fwp%2Fv2%2Fmedia&parent=131"}],"curies":[{"name":"wp","href":"https:\/\/api.w.org\/{rel}","templated":true}]}}