{"id":170,"date":"2026-02-28T11:50:51","date_gmt":"2026-02-28T11:50:51","guid":{"rendered":"https:\/\/szegedihonved.hu\/?page_id=170"},"modified":"2026-02-28T11:50:51","modified_gmt":"2026-02-28T11:50:51","slug":"adatkezeles","status":"publish","type":"page","link":"https:\/\/szegedihonved.hu\/?page_id=170","title":{"rendered":"Adatkezel\u00e9s"},"content":{"rendered":"\n<p class=\"has-text-align-center\"><strong>ADATKEZEL\u00c9SI T\u00c1J\u00c9KOZTAT\u00d3<\/strong><\/p>\n\n\n\n<p class=\"has-text-align-center\"><strong>Szegedi Honv\u00e9d Sportegyes\u00fclet \u2013 Versenynevez\u00e9s<\/strong><\/p>\n\n\n\n<p><\/p>\n\n\n\n<p class=\"has-text-align-left\"><strong><em>1. Az Adatkezel\u0151 adatai<\/em><\/strong><\/p>\n\n\n\n<p class=\"has-text-align-left\">\u2022 <strong>N\u00e9v:<\/strong> Szegedi Honv\u00e9d Sportegyes\u00fclet<\/p>\n\n\n\n<p class=\"has-text-align-left\">\u2022 <strong>Sz\u00e9khely:<\/strong> 6756 Tiszasziget, Szabads\u00e1g utca 8.<\/p>\n\n\n\n<p class=\"has-text-align-left\">\u2022 <strong>Ad\u00f3sz\u00e1m:<\/strong> 19410902-1-06<\/p>\n\n\n\n<p class=\"has-text-align-left\">\u2022 <strong>K\u00e9pvisel\u0151:<\/strong> Baczk\u00f3 Bernadett &#8211; eln\u00f6k<\/p>\n\n\n\n<p class=\"has-text-align-left\">\u2022 <strong>E-mail:<\/strong> hello@szegedihonved.hu<\/p>\n\n\n\n<p class=\"has-text-align-left\"><em><strong>2. A kezelt adatok k\u00f6re \u00e9s c\u00e9lja<\/strong><\/em><\/p>\n\n\n\n<p class=\"has-text-align-left\">A nevez\u00e9s sor\u00e1n az al\u00e1bbi adatokat k\u00e9rj\u00fck be \u00e9s kezelj\u00fck:<\/p>\n\n\n\n<p class=\"has-text-align-left\">\u2022 <strong>N\u00e9v:<\/strong> Azonos\u00edt\u00e1shoz \u00e9s az eredm\u00e9nylist\u00e1hoz.<\/p>\n\n\n\n<p class=\"has-text-align-left\">\u2022 <strong>Sz\u00fclet\u00e9si id\u0151:<\/strong> A koroszt\u00e1lyos kateg\u00f3ri\u00e1kba sorol\u00e1shoz.<\/p>\n\n\n\n<p class=\"has-text-align-left\">\u2022 <strong>E-mail c\u00edm \u00e9s telefonsz\u00e1m:<\/strong> Kapcsolattart\u00e1shoz, visszaigazol\u00e1shoz \u00e9s s\u00fcrg\u0151s \u00e9rtes\u00edt\u00e9sekhez.<\/p>\n\n\n\n<p class=\"has-text-align-left\">\u2022 <strong>Sz\u00e1ml\u00e1z\u00e1si c\u00edm:<\/strong> A nevez\u00e9si d\u00edj befizet\u00e9s\u00e9r\u0151l sz\u00f3l\u00f3 bizonylat ki\u00e1ll\u00edt\u00e1s\u00e1hoz.<\/p>\n\n\n\n<p class=\"has-text-align-left\">\u2022 <strong>Egyes\u00fclet\/Alakulat:<\/strong> A honv\u00e9ds\u00e9gi \u00e9s civil kateg\u00f3ri\u00e1k elk\u00fcl\u00f6n\u00edt\u00e9s\u00e9hez.<\/p>\n\n\n\n<p class=\"has-text-align-left\"><strong><em>3. Az adatkezel\u00e9s jogalapja<\/em><\/strong><\/p>\n\n\n\n<p class=\"has-text-align-left\">Az adatkezel\u00e9s a felhaszn\u00e1l\u00f3 hozz\u00e1j\u00e1rul\u00e1s\u00e1n alapul, amelyet a nevez\u00e9si \u0171rlap bek\u00fcld\u00e9s\u00e9vel \u00e9s a jel\u00f6l\u0151n\u00e9gyzet kipip\u00e1l\u00e1s\u00e1val ad meg. A sz\u00e1ml\u00e1z\u00e1si adatok kezel\u00e9s\u00e9t a sz\u00e1mviteli jogszab\u00e1lyok teszik k\u00f6telez\u0151v\u00e9.<\/p>\n\n\n\n<p class=\"has-text-align-left\">4. <strong><em>Az adatkezel\u00e9s id\u0151tartama<\/em><\/strong><\/p>\n\n\n\n<p class=\"has-text-align-left\">\u2022 A kapcsolattart\u00e1si adatokat a verseny lez\u00e1r\u00e1s\u00e1t k\u00f6vet\u0151 1 \u00e9vig \u0151rizz\u00fck meg.<\/p>\n\n\n\n<p class=\"has-text-align-left\">\u2022 A sz\u00e1ml\u00e1z\u00e1si adatokat a t\u00f6rv\u00e9nyi el\u0151\u00edr\u00e1soknak megfelel\u0151en 8 \u00e9vig t\u00e1roljuk.<\/p>\n\n\n\n<p class=\"has-text-align-left\">\u2022 Az eredm\u00e9nylist\u00e1t (n\u00e9v, kateg\u00f3ria, id\u0151eredm\u00e9ny) az egyes\u00fclet arch\u00edvum\u00e1ban meg\u0151rizz\u00fck.<\/p>\n\n\n\n<p class=\"has-text-align-left\"><strong><em>5. Adattov\u00e1bb\u00edt\u00e1s<\/em><\/strong><\/p>\n\n\n\n<p class=\"has-text-align-left\">Az adatokat harmadik f\u00e9lnek nem adjuk el. Az adatokhoz csak a verseny szervez\u00e9s\u00e9ben r\u00e9szt vev\u0151 tiszts\u00e9gvisel\u0151k f\u00e9rhetnek hozz\u00e1.<\/p>\n\n\n\n<p class=\"has-text-align-left\"><strong><em>6. K\u00e9p- \u00e9s vide\u00f3felv\u00e9telek<\/em><\/strong><\/p>\n\n\n\n<p class=\"has-text-align-left\">A rendezv\u00e9nyen fot\u00f3k \u00e9s vide\u00f3k k\u00e9sz\u00fclhetnek, amelyeket az egyes\u00fclet saj\u00e1t fel\u00fcletein marketing c\u00e9lb\u00f3l felhaszn\u00e1lhat. A nevez\u00e9ssel ebbe a r\u00e9sztvev\u0151 beleegyezik.<\/p>\n\n\n\n<p class=\"has-text-align-left\"><strong><em>7. Az \u00e9rintett jogai<\/em><\/strong><\/p>\n\n\n\n<p class=\"has-text-align-left\">B\u00e1rmikor k\u00e9rhet\u0151 az adatok helyesb\u00edt\u00e9se, t\u00f6rl\u00e9se vagy t\u00e1j\u00e9koztat\u00e1s az adatkezel\u00e9sr\u0151l a megadott e-mail c\u00edmen.<\/p>\n\n\n\n<p><\/p>\n","protected":false},"excerpt":{"rendered":"<p>ADATKEZEL\u00c9SI T\u00c1J\u00c9KOZTAT\u00d3 Szegedi Honv\u00e9d Sportegyes\u00fclet \u2013 Versenynevez\u00e9s 1. Az Adatkezel\u0151 adatai \u2022 N\u00e9v: Szegedi Honv\u00e9d Sportegyes\u00fclet \u2022 Sz\u00e9khely: 6756 Tiszasziget, Szabads\u00e1g utca 8. \u2022 Ad\u00f3sz\u00e1m: 19410902-1-06 \u2022 K\u00e9pvisel\u0151: Baczk\u00f3 Bernadett &#8211; eln\u00f6k \u2022 E-mail: hello@szegedihonved.hu 2. A kezelt adatok k\u00f6re \u00e9s c\u00e9lja A nevez\u00e9s sor\u00e1n az al\u00e1bbi adatokat k\u00e9rj\u00fck be \u00e9s kezelj\u00fck: \u2022 N\u00e9v: Azonos\u00edt\u00e1shoz [&hellip;]<\/p>\n","protected":false},"author":1,"featured_media":0,"parent":0,"menu_order":0,"comment_status":"closed","ping_status":"closed","template":"","meta":{"footnotes":""},"class_list":["post-170","page","type-page","status-publish","hentry"],"aioseo_notices":[],"_links":{"self":[{"href":"https:\/\/szegedihonved.hu\/index.php?rest_route=\/wp\/v2\/pages\/170","targetHints":{"allow":["GET"]}}],"collection":[{"href":"https:\/\/szegedihonved.hu\/index.php?rest_route=\/wp\/v2\/pages"}],"about":[{"href":"https:\/\/szegedihonved.hu\/index.php?rest_route=\/wp\/v2\/types\/page"}],"author":[{"embeddable":true,"href":"https:\/\/szegedihonved.hu\/index.php?rest_route=\/wp\/v2\/users\/1"}],"replies":[{"embeddable":true,"href":"https:\/\/szegedihonved.hu\/index.php?rest_route=%2Fwp%2Fv2%2Fcomments&post=170"}],"version-history":[{"count":1,"href":"https:\/\/szegedihonved.hu\/index.php?rest_route=\/wp\/v2\/pages\/170\/revisions"}],"predecessor-version":[{"id":171,"href":"https:\/\/szegedihonved.hu\/index.php?rest_route=\/wp\/v2\/pages\/170\/revisions\/171"}],"wp:attachment":[{"href":"https:\/\/szegedihonved.hu\/index.php?rest_route=%2Fwp%2Fv2%2Fmedia&parent=170"}],"curies":[{"name":"wp","href":"https:\/\/api.w.org\/{rel}","templated":true}]}}